{"id":2243,"date":"2025-09-12T14:04:47","date_gmt":"2025-09-12T12:04:47","guid":{"rendered":"https:\/\/maltiesi.lv\/?page_id=2243"},"modified":"2026-02-15T13:30:49","modified_gmt":"2026-02-15T11:30:49","slug":"atbalsta-veicinasanas-programma-senioriem-ciena-un-ceriba-2025","status":"publish","type":"page","link":"https:\/\/maltiesi.lv\/?page_id=2243","title":{"rendered":"Atbalsta veicin\u0101\u0161anas programma senioriem CIE\u0145A UN CER\u012aBA\u201d 2025"},"content":{"rendered":"\n<p>Projekts \u201cAtbalsta veicin\u0101\u0161anas programma senioriem CIE\u0145A UN CER\u012aBA\u201d<\/p>\n\n\n\n<p><strong>Projekts tiek l\u012bdzfinans\u0113ts R\u012bgas pils\u0113tas Sabiedr\u012bbas integr\u0101cijas programmas ietvaros.<\/strong><\/p>\n\n\n\n<p><strong>Projekta \u012bsteno\u0161anas laiks 01.04.2025 \u2013 31.01.2026<\/strong><\/p>\n\n\n\n<p class=\"has-text-align-left\">Projekta \u201cCIE\u0145A UN CER\u012aBA\u201d ietvaros biedr\u012bba sniedza atbalstu un r\u016bpes tiem senioriem, kuri vairs nesp\u0113j pilnv\u0113rt\u012bgi par sevi par\u016bp\u0113ties un akt\u012bvi iesaist\u012bties sabiedr\u012bbas dz\u012bv\u0113.<\/p>\n\n\n\n<figure class=\"wp-block-video\"><video height=\"1080\" style=\"aspect-ratio: 1920 \/ 1080;\" width=\"1920\" controls src=\"https:\/\/maltiesi.lv\/wp-content\/uploads\/2025\/09\/MALTAS_PAKAS_AR_TITRIEM.mp4\"><\/video><\/figure>\n\n\n\n\n\n<p><em>Projekta&nbsp; ietvaros v\u0113lamies nodro\u0161in\u0101t pal\u012bdz\u012bbu tr\u016bkum\u0101 non\u0101ku\u0161ajiem cilv\u0113kiem ar p\u0101rvieto\u0161an\u0101s gr\u016bt\u012bb\u0101m, pieg\u0101d\u0101jot p\u0101rtikas pakas uz dz\u012bvesviet\u0101m vismaz vienu reizi m\u0113nes\u012b<\/em>, <em>mazin\u0101t \u0161o cilv\u0113ku probl\u0113mas \u2013 nepietiekamos l\u012bdzek\u013cus iztikai, nabadz\u012bbas risku, vientul\u012bbu, soci\u0101lo atstumt\u012bbu, atvieglot ikdienu, nodro\u0161inot ar kvalitat\u012bvas p\u0101rtikas pak\u0101m, pieg\u0101d\u0101jot t\u0101s vi\u0146u dz\u012bvesviet\u0101 un nodro\u0161inot nelielus izbraukumus, t\u0101d\u0113j\u0101di uzlabojot soci\u0101lo koh\u0113ziju un iek\u013caut\u012bbu.<\/em><\/p>\n\n\n\n<p><em>Projekta m\u0113r\u0137a grupa ir R\u012bg\u0101 dz\u012bvojo\u0161i tr\u016bkum\u0101 non\u0101ku\u0161i cilv\u0113ki ar p\u0101rvieto\u0161an\u0101s gr\u016bt\u012bb\u0101m (gulo\u0161ie, cilv\u0113ki ar kust\u012bbu trauc\u0113jumiem, seniori).<\/em><\/p>\n\n\n\n<p><em>\u0160is m\u0113r\u0137is realiz\u0113ts, izmantojot biedr\u012bbas \u012bpa\u0161um\u0101 eso\u0161o transportl\u012bdzekli VW Transporter, pateicoties ziedot\u0101ju atbalstam un iesaist\u012bt\u0101s br\u012bvpr\u0101t\u012bgo komandas darbam, veicinot soci\u0101lo pal\u012bdz\u012bbu un r\u016bpes par sabiedr\u012bbas neaizsarg\u0101t\u0101kajiem locek\u013ciem.<\/em><\/p>\n\n\n\n<p><em>Ik m\u0113nesi, projekta \u012bsteno\u0161anas laik\u0101 varam&nbsp; pal\u012bdz\u0113t ap 40-50 cilv\u0113kiem, kam da\u017e\u0101du apst\u0101k\u013cu d\u0113\u013c tr\u016bkst iesp\u0113ju pilnv\u0113rt\u012bgi par sevi par\u016bp\u0113ties un kuri ir pak\u013cauti nabadz\u012bbas riskam.<\/em><\/p>\n\n\n\n<p><em>L\u012bdzfinans\u0113jums no pa\u0161vald\u012bbas tiek izmantots p\u0101rtikas paku pieg\u0101dei un saist\u012btajiem transporta izdevumiem. Par \u0161o finans\u0113jumu segti degvielas izdevumi, transportl\u012bdzek\u013ca uztur\u0113\u0161anas izmaksas, nodokli un apdro\u0161in\u0101\u0161ana.<\/em><\/p>\n\n\n\n<p class=\"has-text-align-center has-medium-font-size\"><strong><em>REZULT\u0100TI<\/em><\/strong><\/p>\n\n\n\n<p>Projekta \u201cCie\u0146a un cer\u012bba\u201d m\u0113r\u0137i izdev\u0101s sasniegt, pateicoties akt\u012bvam un nep\u0101rtrauktam br\u012bvpr\u0101t\u012bgo atbalstam. Br\u012bvpr\u0101t\u012bgie iesaist\u012bj\u0101s p\u0101rtikas paku komplekt\u0113\u0161an\u0101, ziedojumu pie\u0146em\u0161an\u0101 un sadal\u0113, k\u0101 ar\u012b praktisk\u0101 pal\u012bdz\u012bbas snieg\u0161an\u0101 projekta m\u0113r\u0137a grupai. B\u016btisku ieguld\u012bjumu projekta \u012bsteno\u0161an\u0101 sniedza ar\u012b iesp\u0113ja izmantot biedr\u012bbas transportu, nodro\u0161inot senioriem pal\u012bdz\u012bbu nok\u013c\u016b\u0161anai uz veikaliem un citu ikdien\u0101 nepiecie\u0161amu pakalpojumu sa\u0146em\u0161anai. \u0160\u0101da pieeja \u013c\u0101va \u012bpa\u0161i atbalst\u012bt cilv\u0113kus ar ierobe\u017eot\u0101m p\u0101rvieto\u0161an\u0101s iesp\u0113j\u0101m.<br>Nelieli izbraukumi veicin\u0101ja socializ\u0113\u0161an\u0101s iesp\u0113jas.<br>Apvienojot br\u012bvpr\u0101t\u012bgo darbu, sa\u0146emtos ziedojumus un praktisko atbalstu ikdienas situ\u0101cij\u0101s, projekts sekm\u012bgi sasniedza izvirz\u012bto m\u0113r\u0137i &#8211; mazin\u0101t vientu\u013co un soci\u0101li neaizsarg\u0101to senioru ikdienas gr\u016bt\u012bbas un uzlabot vi\u0146u dz\u012bves kvalit\u0101ti.<\/p>\n\n\n\n<p><\/p>\n","protected":false},"excerpt":{"rendered":"<p>Projekts \u201cAtbalsta veicin\u0101\u0161anas programma senioriem CIE\u0145A UN CER\u012aBA\u201d Projekts tiek l\u012bdzfinans\u0113ts R\u012bgas pils\u0113tas Sabiedr\u012bbas integr\u0101cijas programmas ietvaros. Projekta \u012bsteno\u0161anas laiks 01.04.2025 \u2013 31.01.2026 Projekta \u201cCIE\u0145A UN CER\u012aBA\u201d ietvaros biedr\u012bba sniedza atbalstu un r\u016bpes tiem senioriem, kuri vairs nesp\u0113j pilnv\u0113rt\u012bgi par sevi par\u016bp\u0113ties un akt\u012bvi iesaist\u012bties sabiedr\u012bbas dz\u012bv\u0113. Projekta&nbsp; ietvaros v\u0113lamies nodro\u0161in\u0101t pal\u012bdz\u012bbu tr\u016bkum\u0101 non\u0101ku\u0161ajiem cilv\u0113kiem&#8230;<\/p>\n","protected":false},"author":1,"featured_media":0,"parent":0,"menu_order":0,"comment_status":"closed","ping_status":"closed","template":"","meta":{"ngg_post_thumbnail":0,"footnotes":""},"class_list":["post-2243","page","type-page","status-publish","hentry"],"_links":{"self":[{"href":"https:\/\/maltiesi.lv\/index.php?rest_route=\/wp\/v2\/pages\/2243","targetHints":{"allow":["GET"]}}],"collection":[{"href":"https:\/\/maltiesi.lv\/index.php?rest_route=\/wp\/v2\/pages"}],"about":[{"href":"https:\/\/maltiesi.lv\/index.php?rest_route=\/wp\/v2\/types\/page"}],"author":[{"embeddable":true,"href":"https:\/\/maltiesi.lv\/index.php?rest_route=\/wp\/v2\/users\/1"}],"replies":[{"embeddable":true,"href":"https:\/\/maltiesi.lv\/index.php?rest_route=%2Fwp%2Fv2%2Fcomments&post=2243"}],"version-history":[{"count":3,"href":"https:\/\/maltiesi.lv\/index.php?rest_route=\/wp\/v2\/pages\/2243\/revisions"}],"predecessor-version":[{"id":3389,"href":"https:\/\/maltiesi.lv\/index.php?rest_route=\/wp\/v2\/pages\/2243\/revisions\/3389"}],"wp:attachment":[{"href":"https:\/\/maltiesi.lv\/index.php?rest_route=%2Fwp%2Fv2%2Fmedia&parent=2243"}],"curies":[{"name":"wp","href":"https:\/\/api.w.org\/{rel}","templated":true}]}}