{"id":578,"date":"2024-07-12T10:16:47","date_gmt":"2024-07-12T08:16:47","guid":{"rendered":"https:\/\/maltiesi.lv\/?page_id=578"},"modified":"2026-01-09T12:17:31","modified_gmt":"2026-01-09T10:17:31","slug":"cels-lidz-es-atbalsta-pakam","status":"publish","type":"page","link":"https:\/\/maltiesi.lv\/?page_id=578","title":{"rendered":"Saldus. ES atbalsta pakas (Aktualiz\u0113ts informat\u012bvais materi\u0101ls) ESF+ programma"},"content":{"rendered":"\n<p><strong>Ce\u013c\u0161 l\u012bdz ES atbalsta pak\u0101m<\/strong><\/p>\n\n\n\n<figure class=\"wp-block-image size-full is-resized\"><img loading=\"lazy\" decoding=\"async\" width=\"1013\" height=\"295\" src=\"https:\/\/maltiesi.lv\/wp-content\/uploads\/2024\/07\/ESFplus_progr-logo-ansamblis-krasains.png\" alt=\"\" class=\"wp-image-673\" style=\"width:683px;height:auto\" srcset=\"https:\/\/maltiesi.lv\/wp-content\/uploads\/2024\/07\/ESFplus_progr-logo-ansamblis-krasains.png 1013w, https:\/\/maltiesi.lv\/wp-content\/uploads\/2024\/07\/ESFplus_progr-logo-ansamblis-krasains-300x87.png 300w, https:\/\/maltiesi.lv\/wp-content\/uploads\/2024\/07\/ESFplus_progr-logo-ansamblis-krasains-768x224.png 768w\" sizes=\"auto, (max-width: 1013px) 100vw, 1013px\" \/><\/figure>\n\n\n\n<p><a href=\"https:\/\/www.facebook.com\/hashtag\/esfondi?__eep__=6&amp;__cft__[0]=AZVipCaSZ2EeZy2JzrPV5sXM2P-sKvc9GN5CAEidv7WDhZnmsozkPGOs7HNnDIi_15yiXA1tqbXsHh9uxWGB_aHusGWeTSjyY-0aYaSB2OfxULbaIzIDBvNpVAEeU49w1M8K7JQv8u9B-QjpzmdVOQO24M8hvpNOBTbxPfF9dvom2yh0RpV8Kr8JhsJgCyKNzcE&amp;__tn__=*NK-R\">#ESfondi<\/a><\/p>\n\n\n\n<p>Biedr\u012bba \u201cMaltas Orde\u0146a pal\u012bdz\u012bbas dienests\u201d Sald\u016b, Stri\u0137u iel\u0101 1, ESF+ programmas materi\u0101l\u0101s nenodro\u0161in\u0101t\u012bbas mazin\u0101\u0161anai ietvaros izsniedz bezmaksas Eiropas Savien\u012bbas atbalsta pakas tr\u016bc\u012bgajiem un kr\u012bzes situ\u0101cij\u0101 non\u0101ku\u0161iem iedz\u012bvot\u0101jiem, tai skait\u0101 Ukrainas civiliedz\u012bvot\u0101jiem, kam izsniegtas attiec\u012bgas izzi\u0146as.<\/p>\n\n\n\n<p><img loading=\"lazy\" decoding=\"async\" height=\"16\" width=\"16\" src=\"https:\/\/static.xx.fbcdn.net\/images\/emoji.php\/v9\/tac\/1\/16\/1f4cc.png\" alt=\"\ud83d\udccc\">   Atbalsta pakas var sa\u0146emt pirmdien\u0101s un tre\u0161dien\u0101s plkst.10.00-13.00<\/p>\n\n\n\n<p><img loading=\"lazy\" decoding=\"async\" height=\"16\" width=\"16\" alt=\"\u2757\ufe0f\" src=\"https:\/\/static.xx.fbcdn.net\/images\/emoji.php\/v9\/t50\/1\/16\/2757.png\"><img loading=\"lazy\" decoding=\"async\" height=\"16\" width=\"16\" alt=\"\u2757\ufe0f\" src=\"https:\/\/static.xx.fbcdn.net\/images\/emoji.php\/v9\/t50\/1\/16\/2757.png\"><img loading=\"lazy\" decoding=\"async\" height=\"16\" width=\"16\" alt=\"\u2757\ufe0f\" src=\"https:\/\/static.xx.fbcdn.net\/images\/emoji.php\/v9\/t50\/1\/16\/2757.png\"> Saldus MOPD zupas virtuv\u0113, J. Rozent\u0101la iel\u0101 16, ESF+ programmas materi\u0101l\u0101s nenodro\u0161in\u0101t\u012bbas mazin\u0101\u0161anai ietvaros l\u012bdz\u0146em\u0161anai pieejama silta bezmaksas malt\u012bte ikvienam, kam t\u0101 nepiecie\u0161ama.<\/p>\n\n\n\n<p><img loading=\"lazy\" decoding=\"async\" height=\"16\" width=\"16\" src=\"https:\/\/static.xx.fbcdn.net\/images\/emoji.php\/v9\/tac\/1\/16\/1f4cc.png\" alt=\"\ud83d\udccc\">  Virtuves darba laiks katru darba dienu 8.30-10.00<\/p>\n\n\n\n<p><img loading=\"lazy\" decoding=\"async\" height=\"16\" width=\"16\" src=\"https:\/\/static.xx.fbcdn.net\/images\/emoji.php\/v9\/tac\/1\/16\/1f4cc.png\" alt=\"\ud83d\udccc\">  Kontaktpersonas t\u0101lr. 20417092<\/p>\n\n\n\n<p><\/p>\n\n\n\n<p class=\"has-text-align-center has-medium-font-size\"><strong>Aktualiz\u0113ts informat\u012bvais materi\u0101ls par Eiropas Soci\u0101l\u0101 fonda Plus programmas materi\u0101l\u0101s nenodro\u0161in\u0101t\u012bbas mazin\u0101\u0161anai 2021.\u20132027. gadam atbalstu &#8211;\u00a0\u201cCe\u013c\u0161 l\u012bdz ES atbalsta pak\u0101m: kas un k\u0101?\u201d<\/strong><\/p>\n\n\n\n<p><\/p>\n\n\n\n<div data-wp-interactive=\"core\/file\" class=\"wp-block-file\"><object data-wp-bind--hidden=\"!state.hasPdfPreview\" hidden class=\"wp-block-file__embed\" data=\"https:\/\/maltiesi.lv\/wp-content\/uploads\/2026\/01\/Cels_lidz_ES_atbalsta_pakam_12_2025.pdf\" type=\"application\/pdf\" style=\"width:100%;height:600px\" aria-label=\"Iegult Cels_lidz_ES_atbalsta_pakam_12_2025.\"><\/object><a id=\"wp-block-file--media-01a6bd6a-c07a-4f03-9068-eec998c51045\" href=\"https:\/\/maltiesi.lv\/wp-content\/uploads\/2026\/01\/Cels_lidz_ES_atbalsta_pakam_12_2025.pdf\">Cels_lidz_ES_atbalsta_pakam_12_2025<\/a><a href=\"https:\/\/maltiesi.lv\/wp-content\/uploads\/2026\/01\/Cels_lidz_ES_atbalsta_pakam_12_2025.pdf\" class=\"wp-block-file__button wp-element-button\" download aria-describedby=\"wp-block-file--media-01a6bd6a-c07a-4f03-9068-eec998c51045\">Atv\u0113rt<\/a><\/div>\n\n\n\n<figure class=\"wp-block-image size-full is-resized\"><img loading=\"lazy\" decoding=\"async\" width=\"600\" height=\"600\" src=\"https:\/\/maltiesi.lv\/wp-content\/uploads\/2024\/06\/MyCollages58-e1718532177404.jpg\" alt=\"\" class=\"wp-image-540\" style=\"width:471px;height:auto\"\/><\/figure>\n\n\n\n<p><\/p>\n\n\n\n<p class=\"has-text-align-left\"><\/p>\n\n\n\n<p class=\"has-text-align-center has-large-font-size\"><strong>Papildpas\u0101kumi<\/strong><\/p>\n\n\n\n<p class=\"has-text-align-left\">Biedr\u012bba &#8220;Maltas Orde\u0146a pal\u012bdz\u012bbas dienests&#8221; ESF+ programmas ietvaros organiz\u0113 ar\u012b papildpas\u0101kumus. Papildpas\u0101kumu m\u0113r\u0137is ir mazin\u0101t personu soci\u0101lo atstumt\u012bbu, k\u0101 ar\u012b veicin\u0101t personu patst\u0101v\u012bbu savu soci\u0101lo probl\u0113mu risin\u0101\u0161an\u0101. Papildpas\u0101kumi ir br\u012bvpr\u0101t\u012bgi, tajos var iesaist\u012bties bez maksas.<\/p>\n\n\n\n<p class=\"has-text-align-left\">Inform\u0101ciju par pieejamajiem papildpas\u0101kumiem, to norises vietu un laiku, var ieg\u016bt zvanot pa t\u0101lruni 20417092.<\/p>\n\n\n\n<p><\/p>\n","protected":false},"excerpt":{"rendered":"<p>Ce\u013c\u0161 l\u012bdz ES atbalsta pak\u0101m #ESfondi Biedr\u012bba \u201cMaltas Orde\u0146a pal\u012bdz\u012bbas dienests\u201d Sald\u016b, Stri\u0137u iel\u0101 1, ESF+ programmas materi\u0101l\u0101s nenodro\u0161in\u0101t\u012bbas mazin\u0101\u0161anai ietvaros izsniedz bezmaksas Eiropas Savien\u012bbas atbalsta pakas tr\u016bc\u012bgajiem un kr\u012bzes situ\u0101cij\u0101 non\u0101ku\u0161iem iedz\u012bvot\u0101jiem, tai skait\u0101 Ukrainas civiliedz\u012bvot\u0101jiem, kam izsniegtas attiec\u012bgas izzi\u0146as. Atbalsta pakas var sa\u0146emt pirmdien\u0101s un tre\u0161dien\u0101s plkst.10.00-13.00 Saldus MOPD zupas virtuv\u0113, J. Rozent\u0101la&#8230;<\/p>\n","protected":false},"author":1,"featured_media":0,"parent":0,"menu_order":0,"comment_status":"closed","ping_status":"closed","template":"","meta":{"ngg_post_thumbnail":0,"footnotes":""},"class_list":["post-578","page","type-page","status-publish","hentry"],"_links":{"self":[{"href":"https:\/\/maltiesi.lv\/index.php?rest_route=\/wp\/v2\/pages\/578","targetHints":{"allow":["GET"]}}],"collection":[{"href":"https:\/\/maltiesi.lv\/index.php?rest_route=\/wp\/v2\/pages"}],"about":[{"href":"https:\/\/maltiesi.lv\/index.php?rest_route=\/wp\/v2\/types\/page"}],"author":[{"embeddable":true,"href":"https:\/\/maltiesi.lv\/index.php?rest_route=\/wp\/v2\/users\/1"}],"replies":[{"embeddable":true,"href":"https:\/\/maltiesi.lv\/index.php?rest_route=%2Fwp%2Fv2%2Fcomments&post=578"}],"version-history":[{"count":15,"href":"https:\/\/maltiesi.lv\/index.php?rest_route=\/wp\/v2\/pages\/578\/revisions"}],"predecessor-version":[{"id":3067,"href":"https:\/\/maltiesi.lv\/index.php?rest_route=\/wp\/v2\/pages\/578\/revisions\/3067"}],"wp:attachment":[{"href":"https:\/\/maltiesi.lv\/index.php?rest_route=%2Fwp%2Fv2%2Fmedia&parent=578"}],"curies":[{"name":"wp","href":"https:\/\/api.w.org\/{rel}","templated":true}]}}